{"id":2480,"date":"2024-02-20T12:00:11","date_gmt":"2024-02-20T12:00:11","guid":{"rendered":"https:\/\/test.allemande.nl\/?page_id=2480"},"modified":"2024-02-21T20:36:55","modified_gmt":"2024-02-21T20:36:55","slug":"tarieven","status":"publish","type":"page","link":"https:\/\/allemande.nl\/de\/tarieven\/","title":{"rendered":"Tarife"},"content":{"rendered":"<div data-elementor-type=\"wp-page\" data-elementor-id=\"2480\" class=\"elementor elementor-2480\">\n\t\t\t\t<div class=\"elementor-element elementor-element-71aafc0 e-flex e-con-boxed e-con e-parent\" data-id=\"71aafc0\" data-element_type=\"container\" data-settings=\"{&quot;background_background&quot;:&quot;classic&quot;}\">\n\t\t\t\t\t<div class=\"e-con-inner\">\n\t\t\t\t<div class=\"elementor-element elementor-element-d21b8cc elementor-widget elementor-widget-heading\" data-id=\"d21b8cc\" data-element_type=\"widget\" data-widget_type=\"heading.default\">\n\t\t\t\t<div class=\"elementor-widget-container\">\n\t\t\t\t\t<h2 class=\"elementor-heading-title elementor-size-default\">Tarife<\/h2>\t\t\t\t<\/div>\n\t\t\t\t<\/div>\n\t\t\t\t\t<\/div>\n\t\t\t\t<\/div>\n\t\t<div class=\"elementor-element elementor-element-0cc4fbe e-flex e-con-boxed e-con e-parent\" data-id=\"0cc4fbe\" data-element_type=\"container\">\n\t\t\t\t\t<div class=\"e-con-inner\">\n\t\t\t\t<div class=\"elementor-element elementor-element-346cb39 elementor-widget elementor-widget-text-editor\" data-id=\"346cb39\" data-element_type=\"widget\" data-widget_type=\"text-editor.default\">\n\t\t\t\t<div class=\"elementor-widget-container\">\n\t\t\t\t\t\t\t\t\t\u00dcbersetzungen werden nach der Anzahl der Zeilen des Ausgangs- oder Zieltextes berechnet. Unsere Zeilenpreise richten sich nach<br><br>\n<ul>\n<li>der Sprachkombination<\/li>\n<li>dem Fachgebiet\n<\/li>\n<li>dem Textumfang<\/li>\n<li>dem gew\u00fcnschten Liefertermin<\/li><\/ul>\n\nBei gr\u00f6\u00dferen Auftragsvolumen oder bei einer dauerhaften Zusammenarbeit gew\u00e4hren wir Ihnen attraktive Preisnachl\u00e4sse.\n<br>\nGerne erstellen wir Ihnen ein kostenloses und unverbindliches Angebot mit Angabe des Zeilenpreises.&nbsp;\n\n<style>\n    a { color: #00bfff; } \/* CSS link color *\/<br \/>  <\/style>\n\n<a href=\"https:\/\/allemande.nl\/de\/offerte\/\"><b>Klicken Sie hier<\/b><\/a> f\u00fcr das online-Anfrageformular. Sie erhalten dann innerhalb weniger Arbeitsstunden ein unverbindliches und kostenloses Angebot.\t\t\t\t\t\t\t\t<\/div>\n\t\t\t\t<\/div>\n\t\t\t\t\t<\/div>\n\t\t\t\t<\/div>\n\t\t<div class=\"elementor-element elementor-element-4789120 e-flex e-con-boxed e-con e-parent\" data-id=\"4789120\" data-element_type=\"container\" data-settings=\"{&quot;background_background&quot;:&quot;classic&quot;}\">\n\t\t\t\t\t<div class=\"e-con-inner\">\n\t\t\t\t\t<\/div>\n\t\t\t\t<\/div>\n\t\t\t\t<\/div>","protected":false},"excerpt":{"rendered":"<p>Tarieven Vertalingen worden berekend naar het aantal regels in de bron- of doeltekst. Onze prijzen per regel zijn afhankelijk van: De talencombinatie Het vakgebied Omvang van de tekst De gewenste levertermijn Bij een grotere opdracht of bij een langdurige samenwerking is een korting of all-in prijs natuurlijk bespreekbaar. Wij doen u graag een gratis en [&hellip;]<\/p>","protected":false},"author":1,"featured_media":0,"parent":0,"menu_order":0,"comment_status":"closed","ping_status":"closed","template":"","meta":{"_uag_custom_page_level_css":"","site-sidebar-layout":"no-sidebar","site-content-layout":"page-builder","ast-site-content-layout":"full-width-container","site-content-style":"default","site-sidebar-style":"default","ast-global-header-display":"","ast-banner-title-visibility":"","ast-main-header-display":"","ast-hfb-above-header-display":"","ast-hfb-below-header-display":"","ast-hfb-mobile-header-display":"","site-post-title":"disabled","ast-breadcrumbs-content":"","ast-featured-img":"disabled","footer-sml-layout":"","theme-transparent-header-meta":"","adv-header-id-meta":"","stick-header-meta":"","header-above-stick-meta":"","header-main-stick-meta":"","header-below-stick-meta":"","astra-migrate-meta-layouts":"set","ast-page-background-enabled":"default","ast-page-background-meta":{"desktop":{"background-color":"","background-image":"","background-repeat":"repeat","background-position":"center center","background-size":"auto","background-attachment":"scroll","background-type":"","background-media":"","overlay-type":"","overlay-color":"","overlay-gradient":""},"tablet":{"background-color":"","background-image":"","background-repeat":"repeat","background-position":"center center","background-size":"auto","background-attachment":"scroll","background-type":"","background-media":"","overlay-type":"","overlay-color":"","overlay-gradient":""},"mobile":{"background-color":"","background-image":"","background-repeat":"repeat","background-position":"center center","background-size":"auto","background-attachment":"scroll","background-type":"","background-media":"","overlay-type":"","overlay-color":"","overlay-gradient":""}},"ast-content-background-meta":{"desktop":{"background-color":"var(--ast-global-color-5)","background-image":"","background-repeat":"repeat","background-position":"center center","background-size":"auto","background-attachment":"scroll","background-type":"","background-media":"","overlay-type":"","overlay-color":"","overlay-gradient":""},"tablet":{"background-color":"var(--ast-global-color-5)","background-image":"","background-repeat":"repeat","background-position":"center center","background-size":"auto","background-attachment":"scroll","background-type":"","background-media":"","overlay-type":"","overlay-color":"","overlay-gradient":""},"mobile":{"background-color":"var(--ast-global-color-5)","background-image":"","background-repeat":"repeat","background-position":"center center","background-size":"auto","background-attachment":"scroll","background-type":"","background-media":"","overlay-type":"","overlay-color":"","overlay-gradient":""}},"footnotes":""},"class_list":["post-2480","page","type-page","status-publish","hentry"],"uagb_featured_image_src":{"full":false,"thumbnail":false,"medium":false,"medium_large":false,"large":false,"1536x1536":false,"2048x2048":false,"trp-custom-language-flag":false},"uagb_author_info":{"display_name":"admin","author_link":"https:\/\/allemande.nl\/de\/author\/admin\/"},"uagb_comment_info":0,"uagb_excerpt":"Tarieven Vertalingen worden berekend naar het aantal regels in de bron- of doeltekst. Onze prijzen per regel zijn afhankelijk van: De talencombinatie Het vakgebied Omvang van de tekst De gewenste levertermijn Bij een grotere opdracht of bij een langdurige samenwerking is een korting of all-in prijs natuurlijk bespreekbaar. Wij doen u graag een gratis en&hellip;","_links":{"self":[{"href":"https:\/\/allemande.nl\/de\/wp-json\/wp\/v2\/pages\/2480","targetHints":{"allow":["GET"]}}],"collection":[{"href":"https:\/\/allemande.nl\/de\/wp-json\/wp\/v2\/pages"}],"about":[{"href":"https:\/\/allemande.nl\/de\/wp-json\/wp\/v2\/types\/page"}],"author":[{"embeddable":true,"href":"https:\/\/allemande.nl\/de\/wp-json\/wp\/v2\/users\/1"}],"replies":[{"embeddable":true,"href":"https:\/\/allemande.nl\/de\/wp-json\/wp\/v2\/comments?post=2480"}],"version-history":[{"count":64,"href":"https:\/\/allemande.nl\/de\/wp-json\/wp\/v2\/pages\/2480\/revisions"}],"predecessor-version":[{"id":2836,"href":"https:\/\/allemande.nl\/de\/wp-json\/wp\/v2\/pages\/2480\/revisions\/2836"}],"wp:attachment":[{"href":"https:\/\/allemande.nl\/de\/wp-json\/wp\/v2\/media?parent=2480"}],"curies":[{"name":"wp","href":"https:\/\/api.w.org\/{rel}","templated":true}]}}